{"id":4383,"date":"2024-05-30T13:59:24","date_gmt":"2024-05-30T13:59:24","guid":{"rendered":"https:\/\/sakhf.org\/?page_id=4383"},"modified":"2025-06-17T16:19:20","modified_gmt":"2025-06-17T16:19:20","slug":"entites","status":"publish","type":"page","link":"https:\/\/sakhf.org\/fr\/entites\/","title":{"rendered":"Activit\u00e9s associ\u00e9es"},"content":{"rendered":"<div class=\"wpb-content-wrapper\">[vc_row css_animation=\u00a0\u00bbnone\u00a0\u00bb style=\u00a0\u00bbbottom-border-w-color\u00a0\u00bb source=\u00a0\u00bbcustom\u00a0\u00bb text=\u00a0\u00bb\u0643\u0644\u0645\u0629 \u0631\u0626\u064a\u0633 \u0645\u062c\u0644\u0633 \u0627\u0644\u0623\u0645\u0646\u0627\u0621\u00a0\u00bb align=\u00a0\u00bb\u00a0\u00bb float=\u00a0\u00bbtrue\u00a0\u00bb add_css_to_inner=\u00a0\u00bbfalse\u00a0\u00bb italic=\u00a0\u00bb\u00a0\u00bb link_local_scroll=\u00a0\u00bbfalse\u00a0\u00bb icon_fontawesome=\u00a0\u00bb\u00a0\u00bb icon_position=\u00a0\u00bbleft\u00a0\u00bb text_accent=\u00a0\u00bb\u00a0\u00bb hover_white_text=\u00a0\u00bb\u00a0\u00bb hover_text_accent=\u00a0\u00bb\u00a0\u00bb responsive_text=\u00a0\u00bb\u00a0\u00bb min_font_size=\u00a0\u00bb\u00a0\u00bb inner_bottom_border_color=\u00a0\u00bbpalette-8&Prime; inner_bottom_border_color_main=\u00a0\u00bbpalette-155&Prime; text_align=\u00a0\u00bbcenter\u00a0\u00bb color=\u00a0\u00bbpalette-8&Prime; font_size=\u00a0\u00bbd:35px|tl:35px|tp:35px|pl:30px|pp:30px\u00a0\u00bb font_family=\u00a0\u00bbSaleh\u00a0\u00bb bottom_margin=\u00a0\u00bb15px\u00a0\u00bb custom_field=\u00a0\u00bb\u00a0\u00bb callback_function=\u00a0\u00bb\u00a0\u00bb badge=\u00a0\u00bb\u00a0\u00bb badge_background_color=\u00a0\u00bb\u00a0\u00bb badge_font_size=\u00a0\u00bb\u00a0\u00bb tag=\u00a0\u00bb\u00a0\u00bb animation_duration=\u00a0\u00bb\u00a0\u00bb animation_delay=\u00a0\u00bb\u00a0\u00bb width=\u00a0\u00bb\u00a0\u00bb shadow=\u00a0\u00bb\u00a0\u00bb background_color=\u00a0\u00bb\u00a0\u00bb background_hover=\u00a0\u00bb\u00a0\u00bb padding_all=\u00a0\u00bb\u00a0\u00bb border_side_margin=\u00a0\u00bb\u00a0\u00bb border_radius=\u00a0\u00bb\u00a0\u00bb typo_notice=\u00a0\u00bb\u00a0\u00bb color_hover=\u00a0\u00bb\u00a0\u00bb font_weight=\u00a0\u00bb\u00a0\u00bb text_transform=\u00a0\u00bb\u00a0\u00bb line_height=\u00a0\u00bb\u00a0\u00bb letter_spacing=\u00a0\u00bb\u00a0\u00bb responsive_text_min_max=\u00a0\u00bb\u00a0\u00bb link=\u00a0\u00bb\u00a0\u00bb icon_openiconic=\u00a0\u00bb\u00a0\u00bb icon_typicons=\u00a0\u00bb\u00a0\u00bb icon_entypo=\u00a0\u00bb\u00a0\u00bb icon_linecons=\u00a0\u00bb\u00a0\u00bb icon_material=\u00a0\u00bb\u00a0\u00bb icon_pixelicons=\u00a0\u00bb\u00a0\u00bb icon_side_margin=\u00a0\u00bb\u00a0\u00bb css=\u00a0\u00bb.vc_custom_1720822606494{margin-top: 55px !important;}\u00a0\u00bb][vc_column]<style>.vcex-heading.vcex_69e759713deb8 .vcex-heading-inner{border-color:var(--wpex-palette-8-color);}.vcex-heading.vcex_69e759713deb8{border-color:var(--wpex-palette-155-color);color:var(--wpex-palette-8-color);font-size:35px;font-family:Saleh;}@media (max-width:1024px){.vcex-heading.vcex_69e759713deb8{font-size:35px;}}@media (max-width:959px){.vcex-heading.vcex_69e759713deb8{font-size:35px;}}@media (max-width:767px){.vcex-heading.vcex_69e759713deb8{font-size:30px;}}@media (max-width:479px){.vcex-heading.vcex_69e759713deb8{font-size:30px;}}<\/style><div class=\"vcex-heading vcex-heading-bottom-border-w-color vcex-module wpex-heading wpex-text-2xl wpex-mb-15 wpex-text-center wpex-border-b-2 wpex-border-solid wpex-border-main vcex_69e759713deb8\"><span class=\"vcex-heading-inner wpex-inline-block wpex-relative wpex-pb-5 wpex-border-b-2 wpex-border-solid wpex-border-accent\">Activit\u00e9s associ\u00e9es<\/span><\/div>[\/vc_column][\/vc_row][vc_row css_animation=\u00a0\u00bbfadeIn\u00a0\u00bb content_placement=\u00a0\u00bbmiddle\u00a0\u00bb equal_height=\u00a0\u00bbyes\u00a0\u00bb bg_type=\u00a0\u00bbbg_color\u00a0\u00bb bg_override=\u00a0\u00bbfull\u00a0\u00bb bg_color_value=\u00a0\u00bbrgba(227,229,232,0.5)\u00a0\u00bb css=\u00a0\u00bb.vc_custom_1720823441913{padding-top: 15px !important;}\u00a0\u00bb][vc_column width=\u00a0\u00bb1\/2&Prime;]<style>.vcex-heading.vcex_69e759714075a{font-size:30px;font-weight:bolder;}<\/style><h2 class=\"vcex-heading vcex-heading-plain vcex-module wpex-heading wpex-text-2xl vcex_69e759714075a\"><span class=\"vcex-heading-inner wpex-inline-block\">Soci\u00e9t\u00e9 Dar Saleh:<\/span><\/h2><div class=\"vcex-spacing wpex-w-100 wpex-clear\" style=\"height:20px;\"><\/div>[vc_column_text css=\u00a0\u00bb\u00a0\u00bb color=\u00a0\u00bb#37496a\u00a0\u00bb font_size=\u00a0\u00bb18px\u00a0\u00bb]La soci\u00e9t\u00e9 Dar Saleh Ltd. op\u00e8re avec une approche institutionnelle pour g\u00e9rer les actifs, les investissements et les projets li\u00e9s \u00e0 l\u2019h\u00e9ritage mat\u00e9riel et intellectuel ainsi qu\u2019aux contributions humanitaires du d\u00e9funt Sheikh Saleh Kamel. La soci\u00e9t\u00e9 s\u2019engage \u00e0 faire cro\u00eetre cet h\u00e9ritage de mani\u00e8re responsable et fid\u00e8le \u00e0 travers les g\u00e9n\u00e9rations successives afin de b\u00e9n\u00e9ficier aux communaut\u00e9s et aux nations.[\/vc_column_text]<div class=\"vcex-spacing wpex-w-100 wpex-clear\" style=\"height:35px;\"><\/div><style>.vcex-button.vcex_69e7597142182{padding-block:15px;padding-inline:45px;font-size:16px;font-weight:700;}<\/style><a href=\"http:\/\/www.dar-saleh.com\/\" class=\"vcex-button theme-button inline hvr hvr-shadow vcex_69e7597142182\" target=\"_blank\" rel=\"noopener noreferrer\"><span class=\"vcex-button-inner theme-button-inner wpex-flex wpex-flex-wrap wpex-items-center wpex-justify-center\">plus d\u2019informations<\/span><\/a> <div class=\"vcex-spacing wpex-w-100 wpex-clear\"><\/div>[\/vc_column][vc_column width=\u00a0\u00bb1\/2&Prime;]<style>.vcex-image.vcex_69e7597142fc5 .vcex-image-inner{max-width:60%;}.vcex-image.vcex_69e7597142fc5 .vcex-image-img{height:60%;}<\/style><figure class=\"vcex-image vcex-module wpex-text-center vcex_69e7597142fc5\"><div class=\"vcex-image-inner wpex-relative wpex-inline-block\"><a href=\"http:\/\/www.dar-saleh.com\/\" target=\"_blank\" rel=\"noopener noreferrer\"><img width=\"500\" height=\"460\" src=\"https:\/\/sakhf.org\/wp-content\/uploads\/2024\/05\/entity1.png\" class=\"vcex-image-img wpex-align-middle wpex-object-cover\" alt=\"Soci\u00e9t\u00e9 Dar Saleh:\" decoding=\"async\" srcset=\"https:\/\/sakhf.org\/wp-content\/uploads\/2024\/05\/entity1.png 500w, https:\/\/sakhf.org\/wp-content\/uploads\/2024\/05\/entity1-300x276.png 300w\" sizes=\"(max-width: 500px) 100vw, 500px\" \/><\/a><\/div><\/figure>[\/vc_column][\/vc_row][vc_row css_animation=\u00a0\u00bbfadeIn\u00a0\u00bb content_placement=\u00a0\u00bbmiddle\u00a0\u00bb equal_height=\u00a0\u00bbyes\u00a0\u00bb css=\u00a0\u00bb.vc_custom_1720823452938{margin-top: 50px !important;padding-top: 20px !important;padding-bottom: 20px !important;}\u00a0\u00bb][vc_column width=\u00a0\u00bb1\/2&Prime;]<style>.vcex-image.vcex_69e7597143e09 .vcex-image-inner{max-width:60%;}.vcex-image.vcex_69e7597143e09 .vcex-image-img{height:60%;}<\/style><figure class=\"vcex-image vcex-module wpex-text-center vcex_69e7597143e09\"><div class=\"vcex-image-inner wpex-relative wpex-inline-block\"><a href=\"http:\/\/www.dar-saleh.com\/\" target=\"_blank\" rel=\"noopener noreferrer\"><img width=\"370\" height=\"313\" src=\"https:\/\/sakhf.org\/wp-content\/uploads\/2024\/05\/entity2.png\" class=\"vcex-image-img wpex-align-middle wpex-object-cover\" alt=\"Soci\u00e9t\u00e9 Dar Saleh:\" decoding=\"async\" srcset=\"https:\/\/sakhf.org\/wp-content\/uploads\/2024\/05\/entity2.png 370w, https:\/\/sakhf.org\/wp-content\/uploads\/2024\/05\/entity2-300x254.png 300w\" sizes=\"(max-width: 370px) 100vw, 370px\" \/><\/a><\/div><\/figure>[\/vc_column][vc_column width=\u00a0\u00bb1\/2&Prime;]<style>.vcex-heading.vcex_69e7597144db8{font-size:30px;font-weight:bolder;}<\/style><h2 class=\"vcex-heading vcex-heading-plain vcex-module wpex-heading wpex-text-2xl vcex_69e7597144db8\"><span class=\"vcex-heading-inner wpex-inline-block\">Forum Al Baraka pour l'\u00c9conomie Islamique :<\/span><\/h2><div class=\"vcex-spacing wpex-w-100 wpex-clear\" style=\"height:20px;\"><\/div>[vc_column_text css=\u00a0\u00bb\u00a0\u00bb color=\u00a0\u00bb#37496a\u00a0\u00bb font_size=\u00a0\u00bb18px\u00a0\u00bb]Le Symposium sur l\u2019\u00c9conomie Islamique Al Baraka, l\u2019une des premi\u00e8res initiatives lanc\u00e9es par le d\u00e9funt Sheikh Saleh Kamel en 1981, a maintenant \u00e9volu\u00e9 en un forum \u00e9conomique mondial qui transcende les fronti\u00e8res locales.[\/vc_column_text]<div class=\"vcex-spacing wpex-w-100 wpex-clear\" style=\"height:35px;\"><\/div><style>.vcex-button.vcex_69e7597145f74{padding-block:15px;padding-inline:45px;font-size:16px;font-weight:700;}<\/style><a href=\"http:\/\/www.albaraka.org\/\" class=\"vcex-button theme-button inline hvr hvr-shadow vcex_69e7597145f74\" target=\"_blank\" rel=\"noopener noreferrer\"><span class=\"vcex-button-inner theme-button-inner wpex-flex wpex-flex-wrap wpex-items-center wpex-justify-center\">plus d\u2019informations<\/span><\/a> <div class=\"vcex-spacing wpex-w-100 wpex-clear\"><\/div>[\/vc_column][\/vc_row][vc_row css_animation=\u00a0\u00bbfadeIn\u00a0\u00bb content_placement=\u00a0\u00bbmiddle\u00a0\u00bb equal_height=\u00a0\u00bbyes\u00a0\u00bb bg_type=\u00a0\u00bbbg_color\u00a0\u00bb bg_override=\u00a0\u00bbfull\u00a0\u00bb bg_color_value=\u00a0\u00bbrgba(227,229,232,0.5)\u00a0\u00bb css=\u00a0\u00bb.vc_custom_1720823461645{padding-top: 15px !important;}\u00a0\u00bb][vc_column width=\u00a0\u00bb1\/2&Prime;]<style>.vcex-heading.vcex_69e7597146a80{font-size:30px;font-weight:bolder;}<\/style><h2 class=\"vcex-heading vcex-heading-plain vcex-module wpex-heading wpex-text-2xl vcex_69e7597146a80\"><span class=\"vcex-heading-inner wpex-inline-block\">S\u00e9rie de Conf\u00e9rences Saleh Kamel :<\/span><\/h2><div class=\"vcex-spacing wpex-w-100 wpex-clear\" style=\"height:20px;\"><\/div>[vc_column_text css=\u00a0\u00bb\u00a0\u00bb color=\u00a0\u00bb#37496a\u00a0\u00bb font_size=\u00a0\u00bb18px\u00a0\u00bb]Lanc\u00e9e en 2024 en collaboration avec l\u2019Institut Adam Smith, l\u2019un des principaux think tanks mondiaux reconnu comme le meilleur centre de politique \u00e9conomique, la \u00ab\u00a0S\u00e9rie de Conf\u00e9rences Saleh Kamel\u00a0\u00bb vise \u00e0 promouvoir le dialogue sur le d\u00e9veloppement \u00e9conomique au Moyen-Orient, en mettant un accent particulier sur l\u2019Arabie Saoudite.[\/vc_column_text]<div class=\"vcex-spacing wpex-w-100 wpex-clear\" style=\"height:35px;\"><\/div><style>.vcex-button.vcex_69e759714783c{padding-block:15px;padding-inline:45px;font-size:16px;font-weight:700;}<\/style><a href=\"http:\/\/www.salehkamellecture.com\/\" class=\"vcex-button theme-button inline hvr hvr-shadow vcex_69e759714783c\" target=\"_blank\" rel=\"noopener noreferrer\"><span class=\"vcex-button-inner theme-button-inner wpex-flex wpex-flex-wrap wpex-items-center wpex-justify-center\">plus d\u2019informations<\/span><\/a> <div class=\"vcex-spacing wpex-w-100 wpex-clear\"><\/div>[\/vc_column][vc_column width=\u00a0\u00bb1\/2&Prime;]<style>.vcex-image.vcex_69e759714808f .vcex-image-inner{max-width:60%;}.vcex-image.vcex_69e759714808f .vcex-image-img{height:60%;}<\/style><figure class=\"vcex-image vcex-module wpex-text-center vcex_69e759714808f\"><div class=\"vcex-image-inner wpex-relative wpex-inline-block\"><a href=\"http:\/\/www.dar-saleh.com\/\" target=\"_blank\" rel=\"noopener noreferrer\"><img width=\"659\" height=\"284\" src=\"https:\/\/sakhf.org\/wp-content\/uploads\/2024\/05\/entiti3.png\" class=\"vcex-image-img wpex-align-middle wpex-object-cover\" alt=\"Soci\u00e9t\u00e9 Dar Saleh:\" decoding=\"async\" srcset=\"https:\/\/sakhf.org\/wp-content\/uploads\/2024\/05\/entiti3.png 659w, https:\/\/sakhf.org\/wp-content\/uploads\/2024\/05\/entiti3-300x129.png 300w\" sizes=\"(max-width: 659px) 100vw, 659px\" \/><\/a><\/div><\/figure>[\/vc_column][\/vc_row]\n<\/div>","protected":false},"excerpt":{"rendered":"<p>[vc_row css_animation=\u00a0\u00bbnone\u00a0\u00bb style=\u00a0\u00bbbottom-border-w-color\u00a0\u00bb source=\u00a0\u00bbcustom\u00a0\u00bb text=\u00a0\u00bb\u0643\u0644\u0645\u0629 \u0631\u0626\u064a\u0633 \u0645\u062c\u0644\u0633 \u0627\u0644\u0623\u0645\u0646\u0627\u0621\u00a0\u00bb align=\u00a0\u00bb\u00a0\u00bb float=\u00a0\u00bbtrue\u00a0\u00bb add_css_to_inner=\u00a0\u00bbfalse\u00a0\u00bb italic=\u00a0\u00bb\u00a0\u00bb link_local_scroll=\u00a0\u00bbfalse\u00a0\u00bb icon_fontawesome=\u00a0\u00bb\u00a0\u00bb icon_position=\u00a0\u00bbleft\u00a0\u00bb text_accent=\u00a0\u00bb\u00a0\u00bb hover_white_text=\u00a0\u00bb\u00a0\u00bb hover_text_accent=\u00a0\u00bb\u00a0\u00bb responsive_text=\u00a0\u00bb\u00a0\u00bb min_font_size=\u00a0\u00bb\u00a0\u00bb inner_bottom_border_color=\u00a0\u00bbpalette-8&Prime; inner_bottom_border_color_main=\u00a0\u00bbpalette-155&Prime; text_align=\u00a0\u00bbcenter\u00a0\u00bb color=\u00a0\u00bbpalette-8&Prime; font_size=\u00a0\u00bbd:35px|tl:35px|tp:35px|pl:30px|pp:30px\u00a0\u00bb font_family=\u00a0\u00bbSaleh\u00a0\u00bb bottom_margin=\u00a0\u00bb15px\u00a0\u00bb custom_field=\u00a0\u00bb\u00a0\u00bb callback_function=\u00a0\u00bb\u00a0\u00bb badge=\u00a0\u00bb\u00a0\u00bb badge_background_color=\u00a0\u00bb\u00a0\u00bb badge_font_size=\u00a0\u00bb\u00a0\u00bb tag=\u00a0\u00bb\u00a0\u00bb animation_duration=\u00a0\u00bb\u00a0\u00bb animation_delay=\u00a0\u00bb\u00a0\u00bb width=\u00a0\u00bb\u00a0\u00bb shadow=\u00a0\u00bb\u00a0\u00bb background_color=\u00a0\u00bb\u00a0\u00bb background_hover=\u00a0\u00bb\u00a0\u00bb padding_all=\u00a0\u00bb\u00a0\u00bb border_side_margin=\u00a0\u00bb\u00a0\u00bb border_radius=\u00a0\u00bb\u00a0\u00bb typo_notice=\u00a0\u00bb\u00a0\u00bb color_hover=\u00a0\u00bb\u00a0\u00bb font_weight=\u00a0\u00bb\u00a0\u00bb text_transform=\u00a0\u00bb\u00a0\u00bb line_height=\u00a0\u00bb\u00a0\u00bb letter_spacing=\u00a0\u00bb\u00a0\u00bb responsive_text_min_max=\u00a0\u00bb\u00a0\u00bb link=\u00a0\u00bb\u00a0\u00bb icon_openiconic=\u00a0\u00bb\u00a0\u00bb icon_typicons=\u00a0\u00bb\u00a0\u00bb icon_entypo=\u00a0\u00bb\u00a0\u00bb icon_linecons=\u00a0\u00bb\u00a0\u00bb icon_material=\u00a0\u00bb\u00a0\u00bb&hellip;<\/p>\n","protected":false},"author":1,"featured_media":1598,"parent":0,"menu_order":0,"comment_status":"closed","ping_status":"closed","template":"","meta":{"footnotes":""},"class_list":["post-4383","page","type-page","status-publish","has-post-thumbnail","hentry","entry","has-media"],"_links":{"self":[{"href":"https:\/\/sakhf.org\/fr\/wp-json\/wp\/v2\/pages\/4383","targetHints":{"allow":["GET"]}}],"collection":[{"href":"https:\/\/sakhf.org\/fr\/wp-json\/wp\/v2\/pages"}],"about":[{"href":"https:\/\/sakhf.org\/fr\/wp-json\/wp\/v2\/types\/page"}],"author":[{"embeddable":true,"href":"https:\/\/sakhf.org\/fr\/wp-json\/wp\/v2\/users\/1"}],"replies":[{"embeddable":true,"href":"https:\/\/sakhf.org\/fr\/wp-json\/wp\/v2\/comments?post=4383"}],"version-history":[{"count":11,"href":"https:\/\/sakhf.org\/fr\/wp-json\/wp\/v2\/pages\/4383\/revisions"}],"predecessor-version":[{"id":5633,"href":"https:\/\/sakhf.org\/fr\/wp-json\/wp\/v2\/pages\/4383\/revisions\/5633"}],"wp:featuredmedia":[{"embeddable":true,"href":"https:\/\/sakhf.org\/fr\/wp-json\/wp\/v2\/media\/1598"}],"wp:attachment":[{"href":"https:\/\/sakhf.org\/fr\/wp-json\/wp\/v2\/media?parent=4383"}],"curies":[{"name":"wp","href":"https:\/\/api.w.org\/{rel}","templated":true}]}}