{"id":2179,"date":"2022-12-05T19:31:23","date_gmt":"2022-12-05T19:31:23","guid":{"rendered":"https:\/\/sakhf.org\/erreur-404\/"},"modified":"2022-12-05T19:33:46","modified_gmt":"2022-12-05T19:33:46","slug":"erreur-404","status":"publish","type":"page","link":"https:\/\/sakhf.org\/fr\/erreur-404\/","title":{"rendered":"Erreur 404"},"content":{"rendered":"<div class=\"wpb-content-wrapper\">[vc_row css_animation=\u00a0\u00bbfadeIn\u00a0\u00bb full_width=\u00a0\u00bbstretch_row\u00a0\u00bb content_placement=\u00a0\u00bbmiddle\u00a0\u00bb full_height=\u00a0\u00bbyes\u00a0\u00bb][vc_column width=\u00a0\u00bb1\/2&Prime; css=\u00a0\u00bb.vc_custom_1577099831696{margin-top: 180px !important;}\u00a0\u00bb]<figure class=\"vcex-image vcex-module wpex-text-center\"><div class=\"vcex-image-inner wpex-relative wpex-inline-block\"><img width=\"1178\" height=\"1359\" src=\"https:\/\/sakhf.org\/wp-content\/uploads\/2022\/10\/404_errorpage.png\" class=\"vcex-image-img wpex-align-middle\" alt=\"\" decoding=\"async\" srcset=\"https:\/\/sakhf.org\/wp-content\/uploads\/2022\/10\/404_errorpage.png 1178w, https:\/\/sakhf.org\/wp-content\/uploads\/2022\/10\/404_errorpage-260x300.png 260w, https:\/\/sakhf.org\/wp-content\/uploads\/2022\/10\/404_errorpage-888x1024.png 888w, https:\/\/sakhf.org\/wp-content\/uploads\/2022\/10\/404_errorpage-768x886.png 768w\" sizes=\"(max-width: 1178px) 100vw, 1178px\" \/><\/div><\/figure>[\/vc_column][vc_column width=\u00a0\u00bb1\/2&Prime; offset=\u00a0\u00bbvc_hidden-xs\u00a0\u00bb]<style>.vcex-icon-box.vcex_69f554df143db .vcex-icon-box-content{color:var(--wpex-palette-9-color);font-size:35px;font-family:Cairo;font-weight:600;}.vcex-icon-box.vcex_69f554df143db .vcex-icon-box-heading{color:var(--wpex-palette-9-color);font-size:85px;font-family:Cairo;font-weight:700;}.vcex-icon-box.vcex_69f554df143db .vcex-icon-box-icon{font-size:var(--vcex-icon-md);color:var(--wpex-palette-9-color);height:45px;width:45px;}.vcex-icon-box.vcex_69f554df143db .vcex-icon-box-symbol--icon{margin-block-end:0px;}@media (max-width:1024px){.vcex-icon-box.vcex_69f554df143db .vcex-icon-box-content{font-size:35px;}.vcex-icon-box.vcex_69f554df143db .vcex-icon-box-heading{font-size:80px;}}@media (max-width:959px){.vcex-icon-box.vcex_69f554df143db .vcex-icon-box-content{font-size:35px;}.vcex-icon-box.vcex_69f554df143db .vcex-icon-box-heading{font-size:80px;}}@media (max-width:767px){.vcex-icon-box.vcex_69f554df143db .vcex-icon-box-content{font-size:35px;}.vcex-icon-box.vcex_69f554df143db .vcex-icon-box-heading{font-size:60px;}}@media (max-width:479px){.vcex-icon-box.vcex_69f554df143db .vcex-icon-box-content{font-size:25px;}.vcex-icon-box.vcex_69f554df143db .vcex-icon-box-heading{font-size:60px;}}<\/style><div class=\"vcex-module vcex-icon-box vcex-icon-box-two wpex-block wpex-text-center vc_custom_1666456769776 vcex_69f554df143db\"><div class=\"vcex-icon-box-symbol vcex-icon-box-symbol--icon wpex-mb-20\"><div class=\"vcex-icon-box-icon wpex-items-center wpex-justify-center wpex-child-inherit-color wpex-text-center wpex-leading-none wpex-inline-flex wpex-text-1\"><span class=\"wpex-flex fas fa-exclamation-triangle\" aria-hidden=\"true\"><\/span><\/div><\/div><div class=\"vcex-icon-box-text\"><h2 class=\"vcex-icon-box-heading wpex-heading wpex-mb-10\">404<\/h2><div class=\"vcex-icon-box-content wpex-last-mb-0 wpex-clr\"><p>Page non-trouv\u00e9e<\/p>\n<\/div><\/div><\/div><style>.vcex-divider-dots.vcex_69f554df2b50a span{background:var(--wpex-palette-11-color);}.vcex-divider-dots.vcex_69f554df2b50a{padding-block-end:20px;}<\/style><div class=\"vcex-module vcex-divider-dots wpex-mx-auto wpex-last-mr-0 wpex-text-center vcex_69f554df2b50a\"><span class=\"wpex-inline-block wpex-rounded-full wpex-mr-10\"><\/span><span class=\"wpex-inline-block wpex-rounded-full wpex-mr-10\"><\/span><span class=\"wpex-inline-block wpex-rounded-full wpex-mr-10\"><\/span><\/div>[vc_column_text child_inherit_color=\u00a0\u00bbfalse\u00a0\u00bb text_align=\u00a0\u00bbcenter\u00a0\u00bb color=\u00a0\u00bbpalette-8&Prime; font_size=\u00a0\u00bb25&Prime; responsive_text_min_max=\u00a0\u00bb20px|25px\u00a0\u00bb]\nD\u00e9sol\u00e9, nous n&rsquo;avons pas trouv\u00e9 la page que vous recherchez.<br \/>\n[\/vc_column_text]<div class=\"vcex-spacing wpex-w-100 wpex-clear\" style=\"height:30px;\"><\/div><style>.vcex-button.vcex_69f554df2d119{width:50%;margin-inline-start:15px;font-size:20px;}.vcex-button.vcex_69f554df2d119 .theme-button-icon-left{padding-inline-end:15px;--wpex-btn-icon-animate-h:8;}<\/style><div class=\"theme-button-wrap textcenter wpex-clr\"><a href=\"https:\/\/sakhf.org\/\" class=\"vcex-button theme-button align-center wpex-mb-30 inline wpex-shadow-sm wpex-flex-shrink-0 vcex_69f554df2d119\"><span class=\"vcex-button-inner theme-button-inner wpex-flex wpex-flex-wrap wpex-items-center wpex-justify-center\"><span class=\"vcex-button-icon vcex-icon-wrap theme-button-icon-left theme-button-icon-animate-h\"><span class=\"wpex-icon wpex-icon--bidi\" aria-hidden=\"true\"><svg xmlns=\"http:\/\/www.w3.org\/2000\/svg\" viewBox=\"0 0 11 32\"><path d=\"M11.429 8v16q0 0.464-0.339 0.804t-0.804 0.339-0.804-0.339l-8-8q-0.339-0.339-0.339-0.804t0.339-0.804l8-8q0.339-0.339 0.804-0.339t0.804 0.339 0.339 0.804z\"><\/path><\/svg><\/span><\/span>Maison<\/span><\/a><\/div> <style>.vcex-social-links.vcex_69f554df2e110{font-size:20px;}.vcex-social-links.vcex_69f554df2e110 .vcex-social-links__item{color:var(--wpex-palette-8-color);background:var(--wpex-palette-10-color);border-color:var(--wpex-palette-155-color);}.vcex-social-links.vcex_69f554df2e110 .vcex-social-links__item:hover{color:var(--wpex-palette-9-color);background:var(--wpex-on-accent);}<\/style><div class=\"vcex-social-links vcex-module wpex-flex wpex-flex-wrap wpex-social-btns vcex-social-btns wpex-items-center wpex-justify-center wpex-gap-15 wpex-last-mr-0 vcex_69f554df2e110\"><a href=\"https:\/\/twitter.com\/SAKHF_SA\" class=\"vcex-social-links__item wpex-social-btn wpex-social-btn-minimal wpex-social-color-hover wpex-rounded-full wpex-has-custom-color hvr hvr-shadow vc_custom_1666456368299 wpex-twitter\" target=\"_blank\" rel=\"noopener noreferrer\"><span class=\"vcex-social-links__icon wpex-icon\" aria-hidden=\"true\"><svg xmlns=\"http:\/\/www.w3.org\/2000\/svg\" viewBox=\"0 0 512 512\"><path d=\"M389.2 48h70.6L305.6 224.2 487 464H345L233.7 318.6 106.5 464H35.8L200.7 275.5 26.8 48H172.4L272.9 180.9 389.2 48zM364.4 421.8h39.1L151.1 88h-42L364.4 421.8z\"\/><\/svg><\/span><span class=\"screen-reader-text\">Twitter<\/span><\/a><a href=\"https:\/\/www.instagram.com\/SAKHF_SA\/\" class=\"vcex-social-links__item wpex-social-btn wpex-social-btn-minimal wpex-social-color-hover wpex-rounded-full wpex-has-custom-color hvr hvr-shadow vc_custom_1666456368299 wpex-instagram\" target=\"_blank\" rel=\"noopener noreferrer\"><span class=\"vcex-social-links__icon wpex-icon\" aria-hidden=\"true\"><svg xmlns=\"http:\/\/www.w3.org\/2000\/svg\" viewBox=\"0 0 448 512\"><path d=\"M224.1 141c-63.6 0-114.9 51.3-114.9 114.9s51.3 114.9 114.9 114.9S339 319.5 339 255.9 287.7 141 224.1 141zm0 189.6c-41.1 0-74.7-33.5-74.7-74.7s33.5-74.7 74.7-74.7 74.7 33.5 74.7 74.7-33.6 74.7-74.7 74.7zm146.4-194.3c0 14.9-12 26.8-26.8 26.8-14.9 0-26.8-12-26.8-26.8s12-26.8 26.8-26.8 26.8 12 26.8 26.8zm76.1 27.2c-1.7-35.9-9.9-67.7-36.2-93.9-26.2-26.2-58-34.4-93.9-36.2-37-2.1-147.9-2.1-184.9 0-35.8 1.7-67.6 9.9-93.9 36.1s-34.4 58-36.2 93.9c-2.1 37-2.1 147.9 0 184.9 1.7 35.9 9.9 67.7 36.2 93.9s58 34.4 93.9 36.2c37 2.1 147.9 2.1 184.9 0 35.9-1.7 67.7-9.9 93.9-36.2 26.2-26.2 34.4-58 36.2-93.9 2.1-37 2.1-147.8 0-184.8zM398.8 388c-7.8 19.6-22.9 34.7-42.6 42.6-29.5 11.7-99.5 9-132.1 9s-102.7 2.6-132.1-9c-19.6-7.8-34.7-22.9-42.6-42.6-11.7-29.5-9-99.5-9-132.1s-2.6-102.7 9-132.1c7.8-19.6 22.9-34.7 42.6-42.6 29.5-11.7 99.5-9 132.1-9s102.7-2.6 132.1 9c19.6 7.8 34.7 22.9 42.6 42.6 11.7 29.5 9 99.5 9 132.1s2.7 102.7-9 132.1z\"\/><\/svg><\/span><span class=\"screen-reader-text\">Instagram<\/span><\/a><a href=\"https:\/\/www.linkedin.com\/company\/sakhf\/\" class=\"vcex-social-links__item wpex-social-btn wpex-social-btn-minimal wpex-social-color-hover wpex-rounded-full wpex-has-custom-color hvr hvr-shadow vc_custom_1666456368299 wpex-linkedin\" target=\"_blank\" rel=\"noopener noreferrer\"><span class=\"vcex-social-links__icon wpex-icon\" aria-hidden=\"true\"><svg xmlns=\"http:\/\/www.w3.org\/2000\/svg\" viewBox=\"0 0 448 512\"><path d=\"M100.3 448H7.4V148.9h92.9zM53.8 108.1C24.1 108.1 0 83.5 0 53.8a53.8 53.8 0 0 1 107.6 0c0 29.7-24.1 54.3-53.8 54.3zM447.9 448h-92.7V302.4c0-34.7-.7-79.2-48.3-79.2-48.3 0-55.7 37.7-55.7 76.7V448h-92.8V148.9h89.1v40.8h1.3c12.4-23.5 42.7-48.3 87.9-48.3 94 0 111.3 61.9 111.3 142.3V448z\"\/><\/svg><\/span><span class=\"screen-reader-text\">LinkedIn<\/span><\/a><\/div>[\/vc_column][\/vc_row]\n<\/div>","protected":false},"excerpt":{"rendered":"<p>[vc_row css_animation=\u00a0\u00bbfadeIn\u00a0\u00bb full_width=\u00a0\u00bbstretch_row\u00a0\u00bb content_placement=\u00a0\u00bbmiddle\u00a0\u00bb full_height=\u00a0\u00bbyes\u00a0\u00bb][vc_column width=\u00a0\u00bb1\/2&Prime; css=\u00a0\u00bb.vc_custom_1577099831696{margin-top: 180px !important;}\u00a0\u00bb][\/vc_column][vc_column width=\u00a0\u00bb1\/2&Prime; offset=\u00a0\u00bbvc_hidden-xs\u00a0\u00bb][vc_column_text child_inherit_color=\u00a0\u00bbfalse\u00a0\u00bb text_align=\u00a0\u00bbcenter\u00a0\u00bb color=\u00a0\u00bbpalette-8&Prime; font_size=\u00a0\u00bb25&Prime; responsive_text_min_max=\u00a0\u00bb20px|25px\u00a0\u00bb] D\u00e9sol\u00e9, nous n&rsquo;avons pas trouv\u00e9 la page que vous recherchez. [\/vc_column_text][\/vc_column][\/vc_row]<\/p>\n","protected":false},"author":1,"featured_media":1598,"parent":0,"menu_order":0,"comment_status":"closed","ping_status":"closed","template":"","meta":{"footnotes":""},"class_list":["post-2179","page","type-page","status-publish","has-post-thumbnail","hentry","entry","has-media"],"_links":{"self":[{"href":"https:\/\/sakhf.org\/fr\/wp-json\/wp\/v2\/pages\/2179","targetHints":{"allow":["GET"]}}],"collection":[{"href":"https:\/\/sakhf.org\/fr\/wp-json\/wp\/v2\/pages"}],"about":[{"href":"https:\/\/sakhf.org\/fr\/wp-json\/wp\/v2\/types\/page"}],"author":[{"embeddable":true,"href":"https:\/\/sakhf.org\/fr\/wp-json\/wp\/v2\/users\/1"}],"replies":[{"embeddable":true,"href":"https:\/\/sakhf.org\/fr\/wp-json\/wp\/v2\/comments?post=2179"}],"version-history":[{"count":2,"href":"https:\/\/sakhf.org\/fr\/wp-json\/wp\/v2\/pages\/2179\/revisions"}],"predecessor-version":[{"id":2181,"href":"https:\/\/sakhf.org\/fr\/wp-json\/wp\/v2\/pages\/2179\/revisions\/2181"}],"wp:featuredmedia":[{"embeddable":true,"href":"https:\/\/sakhf.org\/fr\/wp-json\/wp\/v2\/media\/1598"}],"wp:attachment":[{"href":"https:\/\/sakhf.org\/fr\/wp-json\/wp\/v2\/media?parent=2179"}],"curies":[{"name":"wp","href":"https:\/\/api.w.org\/{rel}","templated":true}]}}